{"id":1085,"date":"2024-05-30T13:54:40","date_gmt":"2024-05-30T12:54:40","guid":{"rendered":"https:\/\/bortziriakberd.eus\/?page_id=1085"},"modified":"2025-01-15T10:08:46","modified_gmt":"2025-01-15T09:08:46","slug":"berdintasun-batzordea","status":"publish","type":"page","link":"https:\/\/bortziriakberd.eus\/es\/berdintasun-batzordea\/","title":{"rendered":"Mesa de gesti\u00f3n para la igualdad"},"content":{"rendered":"<section class=\"l-section wpb_row us_custom_85d9dfc8 height_medium\"><div class=\"l-section-h i-cf\"><div class=\"g-cols vc_row via_flex valign_top type_default stacking_default\"><div data-us-scroll=\"{&quot;from_initial_position&quot;:&quot;0&quot;,&quot;start_position&quot;:&quot;70%&quot;,&quot;end_position&quot;:&quot;95%&quot;,&quot;delay&quot;:&quot;0.1s&quot;,&quot;opacity_direction&quot;:&quot;in-out&quot;}\" class=\"vc_col-sm-4 wpb_column vc_column_container has_scroll_effects has_opacity\"><div class=\"vc_column-inner\"><div class=\"wpb_wrapper\"><nav class=\"g-breadcrumbs separator_icon align_none\" itemscope itemtype=\"http:\/\/schema.org\/BreadcrumbList\"><div class=\"g-breadcrumbs-item\" itemscope itemprop=\"itemListElement\" itemtype=\"http:\/\/schema.org\/ListItem\"><a itemprop=\"item\" href=\"https:\/\/bortziriakberd.eus\/es\/\"><span itemprop=\"name\">Inicio<\/span><\/a><meta itemprop=\"position\" content=\"1\"\/><\/div><div class=\"g-breadcrumbs-separator\"><i class=\"far fa-angle-right\"><\/i><\/div><div class=\"g-breadcrumbs-item\">P\u00e1ginas<\/div><\/nav><div class=\"w-separator size_medium\"><\/div><div class=\"wpb_text_column\"><div class=\"wpb_wrapper\"><h1><strong>Mesa de gesti\u00f3n para la igualdad<\/strong><\/h1>\n<\/div><\/div><div class=\"w-separator size_small\"><\/div><div class=\"wpb_text_column\"><div class=\"wpb_wrapper\"><p>El Servicio de Igualdad ser\u00e1 gestionado por una mesa formada por las concejal\u00edas de igualdad de los cinco ayuntamientos.<\/p>\n<p>Esta mesa tendr\u00e1 car\u00e1cter permanente, consultivo y decisorio.<\/p>\n<p>El objetivo principal es incorporar la transversalidad de g\u00e9nero en todos los \u00e1mbitos en los que los ayuntamientos de Bortziriak tienen competencia, con el fin de impulsar la igualdad entre mujeres y hombres.<\/p>\n<\/div><\/div><\/div><\/div><\/div><\/div><\/div><\/section><section class=\"l-section wpb_row us_custom_b43fa113 height_medium\"><div class=\"l-section-h i-cf\"><div class=\"g-cols vc_row via_flex valign_top type_default stacking_default\"><div class=\"vc_col-sm-12 wpb_column vc_column_container\"><div class=\"vc_column-inner\"><div class=\"wpb_wrapper\"><div class=\"w-separator size_medium\"><\/div><div class=\"wpb_text_column\"><div class=\"wpb_wrapper\"><h1>Objetivos:<\/h1>\n<\/div><\/div><div class=\"w-separator size_small\"><\/div><div class=\"g-cols wpb_row via_flex valign_top type_default stacking_default\"><div data-us-scroll=\"{&quot;from_initial_position&quot;:&quot;0&quot;,&quot;start_position&quot;:&quot;30%&quot;,&quot;end_position&quot;:&quot;50%&quot;,&quot;delay&quot;:&quot;0.1s&quot;,&quot;translate_y_direction&quot;:&quot;up&quot;,&quot;translate_y_speed&quot;:&quot;0.5x&quot;,&quot;opacity_direction&quot;:&quot;out-in&quot;}\" class=\"vc_col-sm-1\/5 wpb_column vc_column_container has_scroll_effects has_translate_y has_opacity\"><div class=\"vc_column-inner\"><div class=\"wpb_wrapper\"><div class=\"wpb_text_column\"><div class=\"wpb_wrapper\"><h4>01.<\/h4>\n<\/div><\/div><div class=\"wpb_text_column\"><div class=\"wpb_wrapper\"><p>Orientar las pol\u00edticas municipales, basadas en la igualdad de oportunidades entre mujeres y hombres, con el objetivo de lograr la igualdad real.<\/p>\n<\/div><\/div><\/div><\/div><\/div><div data-us-scroll=\"{&quot;from_initial_position&quot;:&quot;0&quot;,&quot;start_position&quot;:&quot;30%&quot;,&quot;end_position&quot;:&quot;50%&quot;,&quot;delay&quot;:&quot;0.2s&quot;,&quot;translate_y_direction&quot;:&quot;up&quot;,&quot;translate_y_speed&quot;:&quot;0.5x&quot;,&quot;opacity_direction&quot;:&quot;out-in&quot;}\" class=\"vc_col-sm-1\/5 wpb_column vc_column_container has_scroll_effects has_translate_y has_opacity\"><div class=\"vc_column-inner\"><div class=\"wpb_wrapper\"><div class=\"wpb_text_column\"><div class=\"wpb_wrapper\"><h4>02.<\/h4>\n<\/div><\/div><div class=\"wpb_text_column\"><div class=\"wpb_wrapper\"><p>Fomentar la transversalidad de g\u00e9nero en el funcionamiento de los ayuntamientos y en los programas y servicios que prestan.<\/p>\n<\/div><\/div><\/div><\/div><\/div><div data-us-scroll=\"{&quot;from_initial_position&quot;:&quot;0&quot;,&quot;start_position&quot;:&quot;30%&quot;,&quot;end_position&quot;:&quot;50%&quot;,&quot;delay&quot;:&quot;0.3s&quot;,&quot;translate_y_direction&quot;:&quot;up&quot;,&quot;translate_y_speed&quot;:&quot;0.5x&quot;,&quot;opacity_direction&quot;:&quot;out-in&quot;}\" class=\"vc_col-sm-1\/5 wpb_column vc_column_container has_scroll_effects has_translate_y has_opacity\"><div class=\"vc_column-inner\"><div class=\"wpb_wrapper\"><div class=\"wpb_text_column\"><div class=\"wpb_wrapper\"><h4>03.<\/h4>\n<\/div><\/div><div class=\"wpb_text_column\"><div class=\"wpb_wrapper\"><p>Impulsar programas y actividades para la promoci\u00f3n de la igualdad de g\u00e9nero en los \u00e1mbitos de competencia municipal.<\/p>\n<\/div><\/div><\/div><\/div><\/div><div data-us-scroll=\"{&quot;from_initial_position&quot;:&quot;0&quot;,&quot;start_position&quot;:&quot;30%&quot;,&quot;end_position&quot;:&quot;50%&quot;,&quot;delay&quot;:&quot;0.4s&quot;,&quot;translate_y_direction&quot;:&quot;up&quot;,&quot;translate_y_speed&quot;:&quot;0.5x&quot;,&quot;opacity_direction&quot;:&quot;out-in&quot;}\" class=\"vc_col-sm-1\/5 wpb_column vc_column_container has_scroll_effects has_translate_y has_opacity\"><div class=\"vc_column-inner\"><div class=\"wpb_wrapper\"><div class=\"wpb_text_column\"><div class=\"wpb_wrapper\"><h4>04.<\/h4>\n<\/div><\/div><div class=\"wpb_text_column\"><div class=\"wpb_wrapper\"><p>Desarrollar campa\u00f1as de sensibilizaci\u00f3n e informaci\u00f3n para promover la igualdad de g\u00e9nero.<\/p>\n<\/div><\/div><\/div><\/div><\/div><div data-us-scroll=\"{&quot;from_initial_position&quot;:&quot;0&quot;,&quot;start_position&quot;:&quot;30%&quot;,&quot;end_position&quot;:&quot;50%&quot;,&quot;delay&quot;:&quot;0.5s&quot;,&quot;translate_y_direction&quot;:&quot;up&quot;,&quot;translate_y_speed&quot;:&quot;0.5x&quot;,&quot;opacity_direction&quot;:&quot;out-in&quot;}\" class=\"vc_col-sm-1\/5 wpb_column vc_column_container has_scroll_effects has_translate_y has_opacity\"><div class=\"vc_column-inner\"><div class=\"wpb_wrapper\"><div class=\"wpb_text_column\"><div class=\"wpb_wrapper\"><h4>05.<\/h4>\n<\/div><\/div><div class=\"wpb_text_column\"><div class=\"wpb_wrapper\"><p>Consolidar la mesa de gesti\u00f3n como un espacio de reflexi\u00f3n y debate que permita orientar las pol\u00edticas p\u00fablicas hacia la igualdad.<\/p>\n<\/div><\/div><\/div><\/div><\/div><\/div><div class=\"w-separator size_small\"><\/div><\/div><\/div><\/div><\/div><\/div><\/section><section class=\"l-section wpb_row us_custom_6f0bda86 height_medium\"><div class=\"l-section-h i-cf\"><div class=\"g-cols vc_row via_flex valign_top type_default stacking_default\"><div data-us-scroll=\"{&quot;from_initial_position&quot;:&quot;0&quot;,&quot;start_position&quot;:&quot;20%&quot;,&quot;end_position&quot;:&quot;50%&quot;,&quot;delay&quot;:&quot;0.1s&quot;,&quot;translate_x_direction&quot;:&quot;right&quot;,&quot;translate_x_speed&quot;:&quot;0.5x&quot;,&quot;opacity_direction&quot;:&quot;out-in&quot;}\" class=\"vc_col-sm-3 wpb_column vc_column_container has_scroll_effects has_translate_x has_opacity\"><div class=\"vc_column-inner\"><div class=\"wpb_wrapper\"><div class=\"wpb_text_column\"><div class=\"wpb_wrapper\"><h1>Funciones:<\/h1>\n<\/div><\/div><div class=\"w-separator size_small\"><\/div><div class=\"wpb_text_column\"><div class=\"wpb_wrapper\"><p>Para conseguir los objetivos enumerados, la mesa de gesti\u00f3n ejercer\u00e1 las siguientes funciones:<\/p>\n<\/div><\/div><\/div><\/div><\/div><div class=\"vc_col-sm-9 wpb_column vc_column_container\"><div class=\"vc_column-inner\"><div class=\"wpb_wrapper\"><div class=\"w-hwrapper valign_top align_left\" style=\"--hwrapper-gap:0.5rem\"><div data-us-scroll=\"{&quot;from_initial_position&quot;:&quot;0&quot;,&quot;start_position&quot;:&quot;30%&quot;,&quot;end_position&quot;:&quot;50%&quot;,&quot;delay&quot;:&quot;0.1s&quot;,&quot;translate_y_direction&quot;:&quot;up&quot;,&quot;translate_y_speed&quot;:&quot;0.5x&quot;,&quot;opacity_direction&quot;:&quot;out-in&quot;}\" class=\"wpb_text_column us_custom_1b05c287 has_scroll_effects has_translate_y has_opacity\"><div class=\"wpb_wrapper\"><h1>1.<\/h1>\n<p>Puesta en marcha y seguimiento de la mesa de gesti\u00f3n.<\/p>\n<\/div><\/div><div data-us-scroll=\"{&quot;from_initial_position&quot;:&quot;0&quot;,&quot;start_position&quot;:&quot;30%&quot;,&quot;end_position&quot;:&quot;50%&quot;,&quot;delay&quot;:&quot;0.2s&quot;,&quot;translate_y_direction&quot;:&quot;up&quot;,&quot;translate_y_speed&quot;:&quot;0.5x&quot;}\" class=\"wpb_text_column us_custom_1b05c287 has_scroll_effects has_translate_y\"><div class=\"wpb_wrapper\"><h1>2.<\/h1>\n<p>Defender el principio de igualdad de acuerdo con la normativa auton\u00f3mica, estatal, europea e internacional vigente.<\/p>\n<\/div><\/div><div data-us-scroll=\"{&quot;from_initial_position&quot;:&quot;0&quot;,&quot;start_position&quot;:&quot;30%&quot;,&quot;end_position&quot;:&quot;50%&quot;,&quot;delay&quot;:&quot;0.3s&quot;,&quot;translate_y_direction&quot;:&quot;up&quot;,&quot;translate_y_speed&quot;:&quot;0.5x&quot;,&quot;opacity_direction&quot;:&quot;out-in&quot;}\" class=\"wpb_text_column us_custom_1b05c287 has_scroll_effects has_translate_y has_opacity\"><div class=\"wpb_wrapper\"><h1>3.<\/h1>\n<p>Proponer e impulsar programas, actividades y servicios destinados a superar la desigualdad de g\u00e9nero.<\/p>\n<\/div><\/div><\/div><div class=\"w-separator size_custom\" style=\"height:0.5rem\"><\/div><div class=\"w-hwrapper valign_top align_left\" style=\"--hwrapper-gap:0.5rem\"><div data-us-scroll=\"{&quot;from_initial_position&quot;:&quot;0&quot;,&quot;start_position&quot;:&quot;30%&quot;,&quot;end_position&quot;:&quot;50%&quot;,&quot;delay&quot;:&quot;0.5s&quot;,&quot;translate_y_direction&quot;:&quot;up&quot;,&quot;translate_y_speed&quot;:&quot;0.5x&quot;,&quot;opacity_direction&quot;:&quot;out-in&quot;}\" class=\"wpb_text_column us_custom_1b05c287 has_scroll_effects has_translate_y has_opacity\"><div class=\"wpb_wrapper\"><h1>4.<\/h1>\n<p>Potenciar la obtenci\u00f3n de los recursos p\u00fablicos necesarios para conseguir los objetivos.<\/p>\n<\/div><\/div><div data-us-scroll=\"{&quot;from_initial_position&quot;:&quot;0&quot;,&quot;start_position&quot;:&quot;30%&quot;,&quot;end_position&quot;:&quot;50%&quot;,&quot;delay&quot;:&quot;0.6s&quot;,&quot;translate_y_direction&quot;:&quot;up&quot;,&quot;translate_y_speed&quot;:&quot;0.5x&quot;,&quot;opacity_direction&quot;:&quot;out-in&quot;}\" class=\"wpb_text_column us_custom_1b05c287 has_scroll_effects has_translate_y has_opacity\"><div class=\"wpb_wrapper\"><h1>5.<\/h1>\n<p>Hacer seguimiento del Plan del Servicio de Igualdad, aprobar el plan de trabajo anual y elaborar propuestas.<\/p>\n<\/div><\/div><div data-us-scroll=\"{&quot;from_initial_position&quot;:&quot;0&quot;,&quot;start_position&quot;:&quot;30%&quot;,&quot;end_position&quot;:&quot;50%&quot;,&quot;delay&quot;:&quot;0.7s&quot;,&quot;translate_y_direction&quot;:&quot;up&quot;,&quot;translate_y_speed&quot;:&quot;0.5x&quot;,&quot;opacity_direction&quot;:&quot;out-in&quot;}\" class=\"wpb_text_column us_custom_1b05c287 has_scroll_effects has_translate_y has_opacity\"><div class=\"wpb_wrapper\"><h1>6.<\/h1>\n<p>Comunicar en los ayuntamientos los acuerdos adoptados en la mesa de gesti\u00f3n del Servicio de Igualdad.<\/p>\n<\/div><\/div><\/div><div class=\"w-separator size_custom\" style=\"height:0.5rem\"><\/div><div class=\"w-hwrapper valign_top align_left\" style=\"--hwrapper-gap:0.5rem\"><div data-us-scroll=\"{&quot;from_initial_position&quot;:&quot;0&quot;,&quot;start_position&quot;:&quot;32%&quot;,&quot;end_position&quot;:&quot;50%&quot;,&quot;delay&quot;:&quot;0.1s&quot;,&quot;opacity_direction&quot;:&quot;out-in&quot;}\" class=\"wpb_text_column us_custom_1b05c287 has_scroll_effects has_opacity\"><div class=\"wpb_wrapper\"><h1>7.<\/h1>\n<p>Obtener de los Ayuntamientos la informaci\u00f3n necesaria para el ejecutar las funciones de la mesa.<\/p>\n<\/div><\/div><div data-us-scroll=\"{&quot;from_initial_position&quot;:&quot;0&quot;,&quot;start_position&quot;:&quot;32%&quot;,&quot;end_position&quot;:&quot;50%&quot;,&quot;delay&quot;:&quot;0.5s&quot;,&quot;opacity_direction&quot;:&quot;out-in&quot;}\" class=\"wpb_text_column us_custom_1b05c287 has_scroll_effects has_opacity\"><div class=\"wpb_wrapper\"><h1>8.<\/h1>\n<p>Recoger y analizar las propuestas e iniciativas que se presenten en la mesa de gesti\u00f3n.<\/p>\n<\/div><\/div><div data-us-scroll=\"{&quot;from_initial_position&quot;:&quot;0&quot;,&quot;start_position&quot;:&quot;32%&quot;,&quot;end_position&quot;:&quot;50%&quot;,&quot;delay&quot;:&quot;0.5s&quot;,&quot;opacity_direction&quot;:&quot;out-in&quot;}\" class=\"wpb_text_column us_custom_1b05c287 has_scroll_effects has_opacity\"><div class=\"wpb_wrapper\"><h1>9.<\/h1>\n<p>Impulsar la financiaci\u00f3n suficiente de las partidas presupuestarias creadas por los ayuntamientos para la financiaci\u00f3n del Servicio de Igualdad.<\/p>\n<\/div><\/div><\/div><div class=\"w-separator size_large\"><\/div><\/div><\/div><\/div><\/div><\/div><\/section><section class=\"l-section wpb_row height_medium\"><div class=\"l-section-h i-cf\"><div class=\"g-cols vc_row via_flex valign_top type_default stacking_default\"><div class=\"vc_col-sm-12 wpb_column vc_column_container\"><div class=\"vc_column-inner\"><div class=\"wpb_wrapper\"><\/div><\/div><\/div><\/div><\/div><\/section>\n","protected":false},"excerpt":{"rendered":"InicioP\u00e1ginasMesa de gesti\u00f3n para la igualdad El Servicio de Igualdad ser\u00e1 gestionado por una mesa formada por las concejal\u00edas de igualdad de los cinco ayuntamientos. Esta mesa tendr\u00e1 car\u00e1cter permanente, consultivo y decisorio. El objetivo principal es incorporar la transversalidad de g\u00e9nero en todos los \u00e1mbitos en los que los ayuntamientos de Bortziriak tienen competencia,...","protected":false},"author":3,"featured_media":0,"parent":0,"menu_order":0,"comment_status":"closed","ping_status":"closed","template":"","meta":{"_acf_changed":false,"footnotes":""},"class_list":["post-1085","page","type-page","status-publish","hentry"],"acf":[],"_links":{"self":[{"href":"https:\/\/bortziriakberd.eus\/es\/wp-json\/wp\/v2\/pages\/1085","targetHints":{"allow":["GET"]}}],"collection":[{"href":"https:\/\/bortziriakberd.eus\/es\/wp-json\/wp\/v2\/pages"}],"about":[{"href":"https:\/\/bortziriakberd.eus\/es\/wp-json\/wp\/v2\/types\/page"}],"author":[{"embeddable":true,"href":"https:\/\/bortziriakberd.eus\/es\/wp-json\/wp\/v2\/users\/3"}],"replies":[{"embeddable":true,"href":"https:\/\/bortziriakberd.eus\/es\/wp-json\/wp\/v2\/comments?post=1085"}],"version-history":[{"count":12,"href":"https:\/\/bortziriakberd.eus\/es\/wp-json\/wp\/v2\/pages\/1085\/revisions"}],"predecessor-version":[{"id":1783,"href":"https:\/\/bortziriakberd.eus\/es\/wp-json\/wp\/v2\/pages\/1085\/revisions\/1783"}],"wp:attachment":[{"href":"https:\/\/bortziriakberd.eus\/es\/wp-json\/wp\/v2\/media?parent=1085"}],"curies":[{"name":"wp","href":"https:\/\/api.w.org\/{rel}","templated":true}]}}