{"id":1093,"date":"2024-05-30T09:50:54","date_gmt":"2024-05-30T08:50:54","guid":{"rendered":"https:\/\/bortziriakberd.eus\/?page_id=1093"},"modified":"2024-10-07T08:26:03","modified_gmt":"2024-10-07T07:26:03","slug":"campanas","status":"publish","type":"page","link":"https:\/\/bortziriakberd.eus\/es\/campanas\/","title":{"rendered":"Campa\u00f1as"},"content":{"rendered":"<section class=\"l-section wpb_row height_auto\"><div class=\"l-section-h i-cf\"><div class=\"g-cols vc_row via_flex valign_top type_default stacking_default\"><div class=\"vc_col-sm-12 wpb_column vc_column_container\"><div class=\"vc_column-inner\"><div class=\"wpb_wrapper\"><div class=\"w-separator size_small\"><\/div><nav class=\"g-breadcrumbs us_custom_050b112f has_text_color separator_icon align_none\" itemscope itemtype=\"http:\/\/schema.org\/BreadcrumbList\"><div class=\"g-breadcrumbs-item\" itemscope itemprop=\"itemListElement\" itemtype=\"http:\/\/schema.org\/ListItem\"><a itemprop=\"item\" href=\"https:\/\/bortziriakberd.eus\/es\/\"><span itemprop=\"name\">Inicio<\/span><\/a><meta itemprop=\"position\" content=\"1\"\/><\/div><div class=\"g-breadcrumbs-separator\"><i class=\"far fa-angle-right\"><\/i><\/div><div class=\"g-breadcrumbs-item\">P\u00e1ginas<\/div><\/nav><\/div><\/div><\/div><\/div><\/div><\/section><section class=\"l-section wpb_row height_medium\"><div class=\"l-section-h i-cf\"><div class=\"g-cols vc_row via_flex valign_top type_default stacking_default\"><div class=\"vc_col-sm-12 wpb_column vc_column_container\"><div class=\"vc_column-inner\"><div class=\"wpb_wrapper\"><div class=\"wpb_text_column\"><div class=\"wpb_wrapper\"><h1>Campa\u00f1as<\/h1>\n<\/div><\/div><div class=\"w-separator size_medium\"><\/div><form class=\"w-filter for_grid state_desktop us-field-style_1 layout_hor items_1 mod_side style_switch_trendy align_none drop_on_hover hide_item_title\" action onsubmit=\"return false;\" onclick='return {&quot;filterPrefix&quot;:&quot;filter&quot;,&quot;hideDisabledValues&quot;:false,&quot;layout&quot;:&quot;hor&quot;,&quot;mobileWidth&quot;:600,&quot;use_grid&quot;:&quot;first&quot;,&quot;gridNotFoundMessage&quot;:&quot;Nothing to filter. Add a suitable Grid to this page.&quot;}'><div class=\"w-filter-list\"><div class=\"w-filter-list-title\">Filtros<\/div><button class=\"w-filter-list-closer\" title=\"Cerrar\" aria-label=\"Cerrar\"><\/button><div class=\"w-filter-item type_radio\" data-source=\"tax|kanpaina_mota\"><button class=\"w-filter-item-title\">Tipo de campa\u00f1a<span><\/span><\/button><a class=\"w-filter-item-reset\" href=\"#\" title=\"Reiniciar\"><span>Reiniciar<\/span><\/a><div class=\"w-filter-item-content\"><div class=\"w-filter-item-values\" data-maxheight=\"40vh\" style=\"max-height:40vh\"><div class=\"w-filter-item-value selected\"><label><input type=\"radio\" value=\"*\" name=\"filter_kanpaina_mota\" checked='checked'><span class=\"w-filter-item-value-label\">Todo<\/span><\/label><\/div><div class=\"w-filter-item-value\" data-item-amount=\"4\"><label><input type=\"radio\" value=\"15deoctubre\" name=\"filter_kanpaina_mota\"><span class=\"w-filter-item-value-label\">#15deOctubre<\/span><\/label><\/div><div class=\"w-filter-item-value\" data-item-amount=\"4\"><label><input type=\"radio\" value=\"25denoviembre\" name=\"filter_kanpaina_mota\"><span class=\"w-filter-item-value-label\">#25deNoviembre<\/span><\/label><\/div><div class=\"w-filter-item-value\" data-item-amount=\"4\"><label><input type=\"radio\" value=\"8demarzo\" name=\"filter_kanpaina_mota\"><span class=\"w-filter-item-value-label\">#8deMarzo<\/span><\/label><\/div><div class=\"w-filter-item-value\" data-item-amount=\"6\"><label><input type=\"radio\" value=\"otras-campanas-de-sensibilizacion\" name=\"filter_kanpaina_mota\"><span class=\"w-filter-item-value-label\">Otras campa\u00f1as de sensibilizaci\u00f3n<\/span><\/label><\/div><\/div><\/div><\/div><\/div><div class=\"w-filter-list-panel\"><button class=\"w-btn us-btn-style_1\"><span class=\"w-btn-label\">Aplicar<\/span><\/button><\/div><style>@media( max-width:600px ){.w-filter.state_desktop .w-filter-list,.w-filter-item-title>span{display:none}.w-filter-opener{display:inline-block}}<\/style><button class=\"w-filter-opener\"><span>Filtros<\/span><\/button><div class=\"w-filter-json-filters-args hidden\" onclick='return {&quot;taxonomies_query_args&quot;:{&quot;tax|kanpaina_mota&quot;:{&quot;15deoctubre&quot;:{&quot;fields&quot;:&quot;ids&quot;,&quot;nopaging&quot;:true,&quot;post_status&quot;:[&quot;publish&quot;,&quot;acf-disabled&quot;,&quot;inherit&quot;],&quot;post_type&quot;:[],&quot;posts_per_page&quot;:1,&quot;suppress_filters&quot;:true,&quot;tax_query&quot;:[{&quot;taxonomy&quot;:&quot;kanpaina_mota&quot;,&quot;field&quot;:&quot;slug&quot;,&quot;terms&quot;:&quot;15deoctubre&quot;}]},&quot;25denoviembre&quot;:{&quot;fields&quot;:&quot;ids&quot;,&quot;nopaging&quot;:true,&quot;post_status&quot;:[&quot;publish&quot;,&quot;acf-disabled&quot;,&quot;inherit&quot;],&quot;post_type&quot;:[],&quot;posts_per_page&quot;:1,&quot;suppress_filters&quot;:true,&quot;tax_query&quot;:[{&quot;taxonomy&quot;:&quot;kanpaina_mota&quot;,&quot;field&quot;:&quot;slug&quot;,&quot;terms&quot;:&quot;25denoviembre&quot;}]},&quot;8demarzo&quot;:{&quot;fields&quot;:&quot;ids&quot;,&quot;nopaging&quot;:true,&quot;post_status&quot;:[&quot;publish&quot;,&quot;acf-disabled&quot;,&quot;inherit&quot;],&quot;post_type&quot;:[],&quot;posts_per_page&quot;:1,&quot;suppress_filters&quot;:true,&quot;tax_query&quot;:[{&quot;taxonomy&quot;:&quot;kanpaina_mota&quot;,&quot;field&quot;:&quot;slug&quot;,&quot;terms&quot;:&quot;8demarzo&quot;}]},&quot;otras-campanas-de-sensibilizacion&quot;:{&quot;fields&quot;:&quot;ids&quot;,&quot;nopaging&quot;:true,&quot;post_status&quot;:[&quot;publish&quot;,&quot;acf-disabled&quot;,&quot;inherit&quot;],&quot;post_type&quot;:[],&quot;posts_per_page&quot;:1,&quot;suppress_filters&quot;:true,&quot;tax_query&quot;:[{&quot;taxonomy&quot;:&quot;kanpaina_mota&quot;,&quot;field&quot;:&quot;slug&quot;,&quot;terms&quot;:&quot;otras-campanas-de-sensibilizacion&quot;}]}}}}'><\/div><\/form><div class=\"w-separator size_small\"><\/div><div class=\"w-grid us_grid type_grid layout_425 cols_4 preload_style_spinner with_css_animation\" id=\"us_grid_1\" style=\"--columns:4;--gap:0.6rem;\" data-filterable=\"true\"><style>@media (max-width:1380px){#us_grid_1{--columns:3!important}}@media (max-width:1024px){#us_grid_1{--columns:2!important}}@media (max-width:700px){#us_grid_1{--columns:1!important}}.layout_425 .w-grid-item-h{}.layout_425 .usg_vwrapper_1{transition-duration:0.3s;transform-origin:50% 50%;transform:scale(1) translate(0%,0%)}.layout_425 .w-grid-item-h:focus-within .usg_vwrapper_1,.layout_425 .w-grid-item-h:hover .usg_vwrapper_1{transform:scale(1.03) translate(0%,-2%);opacity:1;background:#211426!important}.layout_425 .usg_post_title_1{color:#ffffff!important}.layout_425 .usg_post_custom_field_1{color:#ffffff!important;text-align:center!important;font-size:16px!important;line-height:22px!important}.layout_425 .usg_vwrapper_1{height:250px!important;padding:1rem!important;background:var(--color-header-middle-text)!important}.layout_425 .usg_post_custom_field_2{color:var(--color-content-link-hover)!important;text-align:center!important}<\/style><div class=\"w-grid-list\">\t<article class=\"w-grid-item us_animate_fade size_1x1 post-3237 kanpaina type-kanpaina status-publish has-post-thumbnail hentry\" data-id=\"3237\" style=\"animation-delay:0s\">\r\n\t\t<div class=\"w-grid-item-h\">\r\n\t\t\t\t\t\t\t<a href=\"https:\/\/bortziriakberd.eus\/es\/kanpaina\/8m\/\" class=\"w-grid-item-anchor\" aria-label=\"8 DE MARZO\"><\/a>\r\n\t\t\t\t\t\t<div class=\"w-vwrapper usg_vwrapper_1 align_none valign_middle\" style=\"--vwrapper-gap:0.7rem\"><div class=\"w-post-elm post_custom_field usg_post_custom_field_2 has_text_color type_text urtea color_link_inherit\"><span class=\"w-post-elm-value\">2026<\/span><\/div><h2 class=\"w-post-elm post_title usg_post_title_1 has_text_color align_center entry-title color_link_inherit\">8 DE MARZO<\/h2><div class=\"w-post-elm post_custom_field usg_post_custom_field_1 has_text_color type_text leloa color_link_inherit\"><span class=\"w-post-elm-value\">GRACIAS AL FEMINISMO... HOY PODEMOS SER, ESTAR, DECIR Y DECIDIR<\/span><\/div><\/div>\t\t<\/div>\r\n\t\t\t<\/article>\r\n\t<article class=\"w-grid-item us_animate_fade size_1x1 post-2787 kanpaina type-kanpaina status-publish has-post-thumbnail hentry\" data-id=\"2787\" style=\"animation-delay:0.1s\">\r\n\t\t<div class=\"w-grid-item-h\">\r\n\t\t\t\t\t\t\t<a href=\"https:\/\/bortziriakberd.eus\/es\/kanpaina\/25-de-noviembre-2\/\" class=\"w-grid-item-anchor\" aria-label=\"25 DE NOVIEMBRE\"><\/a>\r\n\t\t\t\t\t\t<div class=\"w-vwrapper usg_vwrapper_1 align_none valign_middle\" style=\"--vwrapper-gap:0.7rem\"><div class=\"w-post-elm post_custom_field usg_post_custom_field_2 has_text_color type_text urtea color_link_inherit\"><span class=\"w-post-elm-value\">2025<\/span><\/div><h2 class=\"w-post-elm post_title usg_post_title_1 has_text_color align_center entry-title color_link_inherit\">25 DE NOVIEMBRE<\/h2><div class=\"w-post-elm post_custom_field usg_post_custom_field_1 has_text_color type_text leloa color_link_inherit\"><span class=\"w-post-elm-value\">LA VIOLENCIA MACHISTA DIGITAL DEJA HUELLA<\/span><\/div><\/div>\t\t<\/div>\r\n\t\t\t<\/article>\r\n\t<article class=\"w-grid-item us_animate_fade size_1x1 post-2637 kanpaina type-kanpaina status-publish has-post-thumbnail hentry\" data-id=\"2637\" style=\"animation-delay:0.2s\">\r\n\t\t<div class=\"w-grid-item-h\">\r\n\t\t\t\t\t\t\t<a href=\"https:\/\/bortziriakberd.eus\/es\/kanpaina\/15o\/\" class=\"w-grid-item-anchor\" aria-label=\"15 de octubre\"><\/a>\r\n\t\t\t\t\t\t<div class=\"w-vwrapper usg_vwrapper_1 align_none valign_middle\" style=\"--vwrapper-gap:0.7rem\"><div class=\"w-post-elm post_custom_field usg_post_custom_field_2 has_text_color type_text urtea color_link_inherit\"><span class=\"w-post-elm-value\">2025<\/span><\/div><h2 class=\"w-post-elm post_title usg_post_title_1 has_text_color align_center entry-title color_link_inherit\">15 de octubre<\/h2><div class=\"w-post-elm post_custom_field usg_post_custom_field_1 has_text_color type_text leloa color_link_inherit\"><span class=\"w-post-elm-value\">MUJERES RURALES, DEL MARGEN AL CENTRO DE LA POL\u00cdTICA EN NAVARRA <\/span><\/div><\/div>\t\t<\/div>\r\n\t\t\t<\/article>\r\n\t<article class=\"w-grid-item us_animate_fade size_1x1 post-2542 kanpaina type-kanpaina status-publish has-post-thumbnail hentry\" data-id=\"2542\" style=\"animation-delay:0.3s\">\r\n\t\t<div class=\"w-grid-item-h\">\r\n\t\t\t\t\t\t\t<a href=\"https:\/\/bortziriakberd.eus\/es\/kanpaina\/fiestas\/\" class=\"w-grid-item-anchor\" aria-label=\"Campa\u00f1a por el buen trato en las relaciones\"><\/a>\r\n\t\t\t\t\t\t<div class=\"w-vwrapper usg_vwrapper_1 align_none valign_middle\" style=\"--vwrapper-gap:0.7rem\"><div class=\"w-post-elm post_custom_field usg_post_custom_field_2 has_text_color type_text urtea color_link_inherit\"><span class=\"w-post-elm-value\">2025<\/span><\/div><h2 class=\"w-post-elm post_title usg_post_title_1 has_text_color align_center entry-title color_link_inherit\">Campa\u00f1a por el buen trato en las relaciones<\/h2><div class=\"w-post-elm post_custom_field usg_post_custom_field_1 has_text_color type_text leloa color_link_inherit\"><span class=\"w-post-elm-value\">DISFRUTA, COMPARTE Y RESPETA <\/span><\/div><\/div>\t\t<\/div>\r\n\t\t\t<\/article>\r\n\t<article class=\"w-grid-item us_animate_fade size_1x1 post-2526 kanpaina type-kanpaina status-publish has-post-thumbnail hentry\" data-id=\"2526\" style=\"animation-delay:0.4s\">\r\n\t\t<div class=\"w-grid-item-h\">\r\n\t\t\t\t\t\t\t<a href=\"https:\/\/bortziriakberd.eus\/es\/kanpaina\/28-de-junio\/\" class=\"w-grid-item-anchor\" aria-label=\"28 de junio\"><\/a>\r\n\t\t\t\t\t\t<div class=\"w-vwrapper usg_vwrapper_1 align_none valign_middle\" style=\"--vwrapper-gap:0.7rem\"><div class=\"w-post-elm post_custom_field usg_post_custom_field_2 has_text_color type_text urtea color_link_inherit\"><span class=\"w-post-elm-value\">2025<\/span><\/div><h2 class=\"w-post-elm post_title usg_post_title_1 has_text_color align_center entry-title color_link_inherit\">28 de junio<\/h2><div class=\"w-post-elm post_custom_field usg_post_custom_field_1 has_text_color type_text leloa color_link_inherit\"><span class=\"w-post-elm-value\">ORGULLO DE LA DIVERSIDAD<\/span><\/div><\/div>\t\t<\/div>\r\n\t\t\t<\/article>\r\n\t<article class=\"w-grid-item us_animate_fade size_1x1 post-2523 kanpaina type-kanpaina status-publish has-post-thumbnail hentry\" data-id=\"2523\" style=\"animation-delay:0.5s\">\r\n\t\t<div class=\"w-grid-item-h\">\r\n\t\t\t\t\t\t\t<a href=\"https:\/\/bortziriakberd.eus\/es\/kanpaina\/17-de-mayo-2\/\" class=\"w-grid-item-anchor\" aria-label=\"17 de mayo\"><\/a>\r\n\t\t\t\t\t\t<div class=\"w-vwrapper usg_vwrapper_1 align_none valign_middle\" style=\"--vwrapper-gap:0.7rem\"><div class=\"w-post-elm post_custom_field usg_post_custom_field_2 has_text_color type_text urtea color_link_inherit\"><span class=\"w-post-elm-value\">2025<\/span><\/div><h2 class=\"w-post-elm post_title usg_post_title_1 has_text_color align_center entry-title color_link_inherit\">17 de mayo<\/h2><div class=\"w-post-elm post_custom_field usg_post_custom_field_1 has_text_color type_text leloa color_link_inherit\"><span class=\"w-post-elm-value\">AUNQUE NO LA VEAS, LA LGTBIQ+FOBIA EST\u00c1 AH\u00cd, \u00a1ACT\u00daA! <\/span><\/div><\/div>\t\t<\/div>\r\n\t\t\t<\/article>\r\n\t<article class=\"w-grid-item us_animate_fade size_1x1 post-1952 kanpaina type-kanpaina status-publish has-post-thumbnail hentry\" data-id=\"1952\" style=\"animation-delay:0.6s\">\r\n\t\t<div class=\"w-grid-item-h\">\r\n\t\t\t\t\t\t\t<a href=\"https:\/\/bortziriakberd.eus\/es\/kanpaina\/8-de-marzo-3\/\" class=\"w-grid-item-anchor\" aria-label=\"8 de marzo\"><\/a>\r\n\t\t\t\t\t\t<div class=\"w-vwrapper usg_vwrapper_1 align_none valign_middle\" style=\"--vwrapper-gap:0.7rem\"><div class=\"w-post-elm post_custom_field usg_post_custom_field_2 has_text_color type_text urtea color_link_inherit\"><span class=\"w-post-elm-value\">2025<\/span><\/div><h2 class=\"w-post-elm post_title usg_post_title_1 has_text_color align_center entry-title color_link_inherit\">8 de marzo<\/h2><div class=\"w-post-elm post_custom_field usg_post_custom_field_1 has_text_color type_text leloa color_link_inherit\"><span class=\"w-post-elm-value\">DESIGUALDAD REAL, JUSTICIA PENDIENTE <\/span><\/div><\/div>\t\t<\/div>\r\n\t\t\t<\/article>\r\n\t<article class=\"w-grid-item us_animate_fade size_1x1 post-1350 kanpaina type-kanpaina status-publish has-post-thumbnail hentry\" data-id=\"1350\" style=\"animation-delay:0.7s\">\r\n\t\t<div class=\"w-grid-item-h\">\r\n\t\t\t\t\t\t\t<a href=\"https:\/\/bortziriakberd.eus\/es\/kanpaina\/25-de-noviembre\/\" class=\"w-grid-item-anchor\" aria-label=\"25 de noviembre\"><\/a>\r\n\t\t\t\t\t\t<div class=\"w-vwrapper usg_vwrapper_1 align_none valign_middle\" style=\"--vwrapper-gap:0.7rem\"><div class=\"w-post-elm post_custom_field usg_post_custom_field_2 has_text_color type_text urtea color_link_inherit\"><span class=\"w-post-elm-value\">2024<\/span><\/div><h2 class=\"w-post-elm post_title usg_post_title_1 has_text_color align_center entry-title color_link_inherit\">25 de noviembre<\/h2><div class=\"w-post-elm post_custom_field usg_post_custom_field_1 has_text_color type_text leloa color_link_inherit\"><span class=\"w-post-elm-value\">NO ES TEATRO, ES VIOLENCIA VICARIA <\/span><\/div><\/div>\t\t<\/div>\r\n\t\t\t<\/article>\r\n\t<article class=\"w-grid-item us_animate_fade size_1x1 post-1334 kanpaina type-kanpaina status-publish has-post-thumbnail hentry\" data-id=\"1334\" style=\"animation-delay:0s\">\r\n\t\t<div class=\"w-grid-item-h\">\r\n\t\t\t\t\t\t\t<a href=\"https:\/\/bortziriakberd.eus\/es\/kanpaina\/landa-eremukoa-konplexurik-gabe\/\" class=\"w-grid-item-anchor\" aria-label=\"15 de octubre\"><\/a>\r\n\t\t\t\t\t\t<div class=\"w-vwrapper usg_vwrapper_1 align_none valign_middle\" style=\"--vwrapper-gap:0.7rem\"><div class=\"w-post-elm post_custom_field usg_post_custom_field_2 has_text_color type_text urtea color_link_inherit\"><span class=\"w-post-elm-value\">2024<\/span><\/div><h2 class=\"w-post-elm post_title usg_post_title_1 has_text_color align_center entry-title color_link_inherit\">15 de octubre<\/h2><div class=\"w-post-elm post_custom_field usg_post_custom_field_1 has_text_color type_text leloa color_link_inherit\"><span class=\"w-post-elm-value\">RURALES Y SIN COMPLEJOS<\/span><\/div><\/div>\t\t<\/div>\r\n\t\t\t<\/article>\r\n\t<article class=\"w-grid-item us_animate_fade size_1x1 post-1330 kanpaina type-kanpaina status-publish has-post-thumbnail hentry\" data-id=\"1330\" style=\"animation-delay:0.1s\">\r\n\t\t<div class=\"w-grid-item-h\">\r\n\t\t\t\t\t\t\t<a href=\"https:\/\/bortziriakberd.eus\/es\/kanpaina\/1330\/\" class=\"w-grid-item-anchor\" aria-label=\"28 de Junio\"><\/a>\r\n\t\t\t\t\t\t<div class=\"w-vwrapper usg_vwrapper_1 align_none valign_middle\" style=\"--vwrapper-gap:0.7rem\"><div class=\"w-post-elm post_custom_field usg_post_custom_field_2 has_text_color type_text urtea color_link_inherit\"><span class=\"w-post-elm-value\">2024<\/span><\/div><h2 class=\"w-post-elm post_title usg_post_title_1 has_text_color align_center entry-title color_link_inherit\">28 de Junio<\/h2><div class=\"w-post-elm post_custom_field usg_post_custom_field_1 has_text_color type_text leloa color_link_inherit\"><span class=\"w-post-elm-value\">ORGULLO DE DIVERSIDAD<\/span><\/div><\/div>\t\t<\/div>\r\n\t\t\t<\/article>\r\n\t<article class=\"w-grid-item us_animate_fade size_1x1 post-1351 kanpaina type-kanpaina status-publish has-post-thumbnail hentry\" data-id=\"1351\" style=\"animation-delay:0.2s\">\r\n\t\t<div class=\"w-grid-item-h\">\r\n\t\t\t\t\t\t\t<a href=\"https:\/\/bortziriakberd.eus\/es\/kanpaina\/17-de-mayo\/\" class=\"w-grid-item-anchor\" aria-label=\"17 de mayo\"><\/a>\r\n\t\t\t\t\t\t<div class=\"w-vwrapper usg_vwrapper_1 align_none valign_middle\" style=\"--vwrapper-gap:0.7rem\"><div class=\"w-post-elm post_custom_field usg_post_custom_field_2 has_text_color type_text urtea color_link_inherit\"><span class=\"w-post-elm-value\">2024<\/span><\/div><h2 class=\"w-post-elm post_title usg_post_title_1 has_text_color align_center entry-title color_link_inherit\">17 de mayo<\/h2><div class=\"w-post-elm post_custom_field usg_post_custom_field_1 has_text_color type_text leloa color_link_inherit\"><span class=\"w-post-elm-value\">AUNQUE NO LO VEAS, LA LGTBIQ+FOBIA EST\u00c1 AH\u00cd <\/span><\/div><\/div>\t\t<\/div>\r\n\t\t\t<\/article>\r\n\t<article class=\"w-grid-item us_animate_fade size_1x1 post-1333 kanpaina type-kanpaina status-publish has-post-thumbnail hentry\" data-id=\"1333\" style=\"animation-delay:0.3s\">\r\n\t\t<div class=\"w-grid-item-h\">\r\n\t\t\t\t\t\t\t<a href=\"https:\/\/bortziriakberd.eus\/es\/kanpaina\/8-de-marzo-2\/\" class=\"w-grid-item-anchor\" aria-label=\"8 de marzo\"><\/a>\r\n\t\t\t\t\t\t<div class=\"w-vwrapper usg_vwrapper_1 align_none valign_middle\" style=\"--vwrapper-gap:0.7rem\"><div class=\"w-post-elm post_custom_field usg_post_custom_field_2 has_text_color type_text urtea color_link_inherit\"><span class=\"w-post-elm-value\">2024<\/span><\/div><h2 class=\"w-post-elm post_title usg_post_title_1 has_text_color align_center entry-title color_link_inherit\">8 de marzo<\/h2><div class=\"w-post-elm post_custom_field usg_post_custom_field_1 has_text_color type_text leloa color_link_inherit\"><span class=\"w-post-elm-value\">SILENCIA EL MACHISMO<\/span><\/div><\/div>\t\t<\/div>\r\n\t\t\t<\/article>\r\n<\/div>\t<div class=\"w-grid-preloader\">\r\n\t\t<div class=\"g-preloader type_1\">\r\n\t\t\t<div><\/div>\r\n\t\t<\/div>\r\n\t<\/div>\r\n\t\t<div class=\"w-grid-json hidden\" onclick='return {&quot;action&quot;:&quot;us_ajax_grid&quot;,&quot;infinite_scroll&quot;:0,&quot;max_num_pages&quot;:2,&quot;pagination&quot;:&quot;none&quot;,&quot;template_vars&quot;:{&quot;columns&quot;:&quot;4&quot;,&quot;exclude_items&quot;:&quot;none&quot;,&quot;img_size&quot;:&quot;default&quot;,&quot;ignore_items_size&quot;:0,&quot;items_layout&quot;:&quot;425&quot;,&quot;items_offset&quot;:&quot;1&quot;,&quot;load_animation&quot;:&quot;fade&quot;,&quot;overriding_link&quot;:&quot;%7B%22type%22%3A%22post%22%7D&quot;,&quot;post_id&quot;:0,&quot;query_args&quot;:{&quot;post_type&quot;:[&quot;kanpaina&quot;],&quot;post_status&quot;:[&quot;publish&quot;,&quot;acf-disabled&quot;],&quot;posts_per_page&quot;:&quot;12&quot;},&quot;orderby_query_args&quot;:{&quot;orderby&quot;:&quot;custom_field&quot;,&quot;meta_key&quot;:&quot;urtea&quot;,&quot;order&quot;:&quot;DESC&quot;},&quot;type&quot;:&quot;grid&quot;,&quot;us_grid_post_type&quot;:&quot;kanpaina&quot;,&quot;us_grid_ajax_index&quot;:1,&quot;us_grid_filter_query_string&quot;:null,&quot;us_grid_index&quot;:1,&quot;page_args&quot;:[],&quot;lang&quot;:&quot;es&quot;}}'><\/div>\r\n\t<\/div><div class=\"w-separator size_large\"><\/div><\/div><\/div><\/div><\/div><\/div><\/section>\n","protected":false},"excerpt":{"rendered":"Este 8 de marzo, D\u00eda Internacional de las Mujeres, queremos poner de manifiesto el valor de las pol\u00edticas p\u00fablicas de igualdad y del feminismo como movimiento social, te\u00f3rico y pol\u00edtico en el avance hacia una sociedad igualitaria y libre, donde mujeres y hombres disfruten de los mismos derechos. Continuamos reivindicando que, a pesar de estos...","protected":false},"author":3,"featured_media":0,"parent":0,"menu_order":0,"comment_status":"closed","ping_status":"closed","template":"","meta":{"_acf_changed":false,"footnotes":""},"class_list":["post-1093","page","type-page","status-publish","hentry"],"acf":[],"_links":{"self":[{"href":"https:\/\/bortziriakberd.eus\/es\/wp-json\/wp\/v2\/pages\/1093","targetHints":{"allow":["GET"]}}],"collection":[{"href":"https:\/\/bortziriakberd.eus\/es\/wp-json\/wp\/v2\/pages"}],"about":[{"href":"https:\/\/bortziriakberd.eus\/es\/wp-json\/wp\/v2\/types\/page"}],"author":[{"embeddable":true,"href":"https:\/\/bortziriakberd.eus\/es\/wp-json\/wp\/v2\/users\/3"}],"replies":[{"embeddable":true,"href":"https:\/\/bortziriakberd.eus\/es\/wp-json\/wp\/v2\/comments?post=1093"}],"version-history":[{"count":1,"href":"https:\/\/bortziriakberd.eus\/es\/wp-json\/wp\/v2\/pages\/1093\/revisions"}],"predecessor-version":[{"id":1094,"href":"https:\/\/bortziriakberd.eus\/es\/wp-json\/wp\/v2\/pages\/1093\/revisions\/1094"}],"wp:attachment":[{"href":"https:\/\/bortziriakberd.eus\/es\/wp-json\/wp\/v2\/media?parent=1093"}],"curies":[{"name":"wp","href":"https:\/\/api.w.org\/{rel}","templated":true}]}}