{"id":1241,"date":"2024-05-30T09:47:03","date_gmt":"2024-05-30T08:47:03","guid":{"rendered":"https:\/\/bortziriakberd.eus\/?page_id=1241"},"modified":"2025-01-17T12:30:25","modified_gmt":"2025-01-17T11:30:25","slug":"funciones","status":"publish","type":"page","link":"https:\/\/bortziriakberd.eus\/es\/funciones\/","title":{"rendered":"Funciones"},"content":{"rendered":"<section class=\"l-section wpb_row height_auto\"><div class=\"l-section-h i-cf\"><div class=\"g-cols vc_row via_flex valign_top type_default stacking_default\"><div class=\"vc_col-sm-12 wpb_column vc_column_container\"><div class=\"vc_column-inner\"><div class=\"wpb_wrapper\"><div class=\"w-separator size_small\"><\/div><nav class=\"g-breadcrumbs us_custom_050b112f has_text_color separator_icon align_none\" itemscope itemtype=\"http:\/\/schema.org\/BreadcrumbList\"><div class=\"g-breadcrumbs-item\" itemscope itemprop=\"itemListElement\" itemtype=\"http:\/\/schema.org\/ListItem\"><a itemprop=\"item\" href=\"https:\/\/bortziriakberd.eus\/es\/\"><span itemprop=\"name\">Inicio<\/span><\/a><meta itemprop=\"position\" content=\"1\"\/><\/div><div class=\"g-breadcrumbs-separator\"><i class=\"far fa-angle-right\"><\/i><\/div><div class=\"g-breadcrumbs-item\">P\u00e1ginas<\/div><\/nav><\/div><\/div><\/div><\/div><\/div><\/section><section class=\"l-section wpb_row height_auto\"><div class=\"l-section-h i-cf\"><div class=\"g-cols vc_row via_flex valign_top type_default stacking_default\"><div class=\"vc_col-sm-12 wpb_column vc_column_container\"><div class=\"vc_column-inner\"><div class=\"wpb_wrapper\"><div class=\"w-separator size_medium\"><\/div><div class=\"wpb_text_column\"><div class=\"wpb_wrapper\"><h1>Funciones<\/h1>\n<\/div><\/div><div class=\"w-separator hide_on_default hide_on_laptops hide_on_tablets size_medium\"><\/div><\/div><\/div><\/div><\/div><\/div><\/section><section class=\"l-section wpb_row height_medium\"><div class=\"l-section-h i-cf\"><div class=\"g-cols vc_row via_flex valign_bottom type_default stacking_default\"><div data-us-scroll=\"{&quot;from_initial_position&quot;:&quot;0&quot;,&quot;start_position&quot;:&quot;30%&quot;,&quot;end_position&quot;:&quot;50%&quot;,&quot;delay&quot;:&quot;0.1s&quot;,&quot;translate_y_direction&quot;:&quot;up&quot;,&quot;translate_y_speed&quot;:&quot;0.5x&quot;,&quot;opacity_direction&quot;:&quot;out-in&quot;}\" class=\"vc_col-sm-6 wpb_column vc_column_container has_scroll_effects has_translate_y has_opacity\"><div class=\"vc_column-inner\"><div class=\"wpb_wrapper\"><div class=\"w-hwrapper valign_middle align_justify\" style=\"--hwrapper-gap:0rem\"><div class=\"w-image us_custom_d6ac040a align_left\"><div class=\"w-image-h\"><img decoding=\"async\" width=\"882\" height=\"1024\" src=\"https:\/\/bortziriakberd.eus\/wp-content\/uploads\/2024\/10\/azaleko-collagea-10-882x1024.png\" class=\"attachment-large size-large\" alt=\"\" loading=\"lazy\" srcset=\"https:\/\/bortziriakberd.eus\/wp-content\/uploads\/2024\/10\/azaleko-collagea-10-882x1024.png 882w, https:\/\/bortziriakberd.eus\/wp-content\/uploads\/2024\/10\/azaleko-collagea-10-258x300.png 258w, https:\/\/bortziriakberd.eus\/wp-content\/uploads\/2024\/10\/azaleko-collagea-10.png 928w\" sizes=\"auto, (max-width: 882px) 100vw, 882px\" \/><\/div><\/div><div class=\"wpb_text_column us_custom_92b600f1\"><div class=\"wpb_wrapper\"><h1>01<\/h1>\n<p><span>Defender el principio de igualdad garantizando la normativa vigente.<\/span><\/p>\n<\/div><\/div><\/div><\/div><\/div><\/div><div data-us-scroll=\"{&quot;from_initial_position&quot;:&quot;0&quot;,&quot;start_position&quot;:&quot;30%&quot;,&quot;end_position&quot;:&quot;50%&quot;,&quot;delay&quot;:&quot;0.1s&quot;,&quot;translate_y_direction&quot;:&quot;up&quot;,&quot;translate_y_speed&quot;:&quot;0.5x&quot;,&quot;opacity_direction&quot;:&quot;out-in&quot;}\" class=\"vc_col-sm-6 wpb_column vc_column_container has_scroll_effects has_translate_y has_opacity\"><div class=\"vc_column-inner\"><div class=\"wpb_wrapper\"><div class=\"w-hwrapper valign_middle align_justify\" style=\"--hwrapper-gap:0rem\"><div class=\"w-image us_custom_d6ac040a align_left\"><div class=\"w-image-h\"><img decoding=\"async\" width=\"1024\" height=\"975\" src=\"https:\/\/bortziriakberd.eus\/wp-content\/uploads\/2024\/08\/azaleko-collagea-04-1024x975.png\" class=\"attachment-large size-large\" alt=\"\" loading=\"lazy\" srcset=\"https:\/\/bortziriakberd.eus\/wp-content\/uploads\/2024\/08\/azaleko-collagea-04-1024x975.png 1024w, https:\/\/bortziriakberd.eus\/wp-content\/uploads\/2024\/08\/azaleko-collagea-04-300x286.png 300w, https:\/\/bortziriakberd.eus\/wp-content\/uploads\/2024\/08\/azaleko-collagea-04.png 1088w\" sizes=\"auto, (max-width: 1024px) 100vw, 1024px\" \/><\/div><\/div><div class=\"wpb_text_column us_custom_92b600f1\"><div class=\"wpb_wrapper\"><h1>02<\/h1>\n<p><span>Dar a conocer el Servicio de Igualdad, y gestionar su planificaci\u00f3n, asesoramiento y evaluaci\u00f3n.\u00a0<\/span><\/p>\n<\/div><\/div><\/div><\/div><\/div><\/div><\/div><\/div><\/section><section class=\"l-section wpb_row height_medium\"><div class=\"l-section-h i-cf\"><div class=\"g-cols vc_row via_flex valign_bottom type_default stacking_default\"><div data-us-scroll=\"{&quot;from_initial_position&quot;:&quot;0&quot;,&quot;start_position&quot;:&quot;30%&quot;,&quot;end_position&quot;:&quot;50%&quot;,&quot;delay&quot;:&quot;0.1s&quot;,&quot;translate_y_direction&quot;:&quot;up&quot;,&quot;translate_y_speed&quot;:&quot;0.5x&quot;,&quot;opacity_direction&quot;:&quot;out-in&quot;}\" class=\"vc_col-sm-6 wpb_column vc_column_container has_scroll_effects has_translate_y has_opacity\"><div class=\"vc_column-inner\"><div class=\"wpb_wrapper\"><div class=\"w-hwrapper valign_middle align_justify\" style=\"--hwrapper-gap:0rem\"><div class=\"w-image us_custom_d6ac040a align_left\"><div class=\"w-image-h\"><img decoding=\"async\" width=\"1024\" height=\"844\" src=\"https:\/\/bortziriakberd.eus\/wp-content\/uploads\/2024\/08\/azaleko-collagea-01-1024x844.png\" class=\"attachment-large size-large\" alt=\"\" loading=\"lazy\" srcset=\"https:\/\/bortziriakberd.eus\/wp-content\/uploads\/2024\/08\/azaleko-collagea-01-1024x844.png 1024w, https:\/\/bortziriakberd.eus\/wp-content\/uploads\/2024\/08\/azaleko-collagea-01-300x247.png 300w, https:\/\/bortziriakberd.eus\/wp-content\/uploads\/2024\/08\/azaleko-collagea-01.png 1311w\" sizes=\"auto, (max-width: 1024px) 100vw, 1024px\" \/><\/div><\/div><div class=\"wpb_text_column us_custom_92b600f1\"><div class=\"wpb_wrapper\"><h1>03<\/h1>\n<p><span>Colaborar con otras \u00e1reas municipales para transversalizar la perspectiva de g\u00e9nero en sus pol\u00edticas y programas.<\/span><\/p>\n<\/div><\/div><\/div><\/div><\/div><\/div><div data-us-scroll=\"{&quot;from_initial_position&quot;:&quot;0&quot;,&quot;start_position&quot;:&quot;30%&quot;,&quot;end_position&quot;:&quot;50%&quot;,&quot;delay&quot;:&quot;0.1s&quot;,&quot;translate_y_direction&quot;:&quot;up&quot;,&quot;translate_y_speed&quot;:&quot;0.5x&quot;,&quot;opacity_direction&quot;:&quot;out-in&quot;}\" class=\"vc_col-sm-6 wpb_column vc_column_container has_scroll_effects has_translate_y has_opacity\"><div class=\"vc_column-inner\"><div class=\"wpb_wrapper\"><div class=\"w-hwrapper valign_middle align_justify\" style=\"--hwrapper-gap:0rem\"><div class=\"w-image us_custom_d6ac040a align_left\"><div class=\"w-image-h\"><img decoding=\"async\" width=\"1024\" height=\"801\" src=\"https:\/\/bortziriakberd.eus\/wp-content\/uploads\/2024\/08\/azaleko-collagea-07-1024x801.png\" class=\"attachment-large size-large\" alt=\"\" loading=\"lazy\" srcset=\"https:\/\/bortziriakberd.eus\/wp-content\/uploads\/2024\/08\/azaleko-collagea-07-1024x801.png 1024w, https:\/\/bortziriakberd.eus\/wp-content\/uploads\/2024\/08\/azaleko-collagea-07-300x235.png 300w, https:\/\/bortziriakberd.eus\/wp-content\/uploads\/2024\/08\/azaleko-collagea-07.png 1255w\" sizes=\"auto, (max-width: 1024px) 100vw, 1024px\" \/><\/div><\/div><div class=\"wpb_text_column us_custom_92b600f1\"><div class=\"wpb_wrapper\"><h1>04<\/h1>\n<p><span>Llevar a cabo campa\u00f1as de sensibilizaci\u00f3n y dise\u00f1o de acciones para el cambio de valores en materia de igualdad.<\/span><\/p>\n<\/div><\/div><\/div><\/div><\/div><\/div><\/div><\/div><\/section><section class=\"l-section wpb_row height_medium\"><div class=\"l-section-h i-cf\"><div class=\"g-cols vc_row via_flex valign_bottom type_default stacking_default\"><div data-us-scroll=\"{&quot;from_initial_position&quot;:&quot;0&quot;,&quot;start_position&quot;:&quot;30%&quot;,&quot;end_position&quot;:&quot;50%&quot;,&quot;delay&quot;:&quot;0.1s&quot;,&quot;translate_y_direction&quot;:&quot;up&quot;,&quot;translate_y_speed&quot;:&quot;0.5x&quot;,&quot;opacity_direction&quot;:&quot;out-in&quot;}\" class=\"vc_col-sm-6 wpb_column vc_column_container has_scroll_effects has_translate_y has_opacity\"><div class=\"vc_column-inner\"><div class=\"wpb_wrapper\"><div class=\"w-hwrapper valign_middle align_justify\" style=\"--hwrapper-gap:0rem\"><div class=\"w-image us_custom_d6ac040a align_left\"><div class=\"w-image-h\"><img decoding=\"async\" width=\"882\" height=\"1024\" src=\"https:\/\/bortziriakberd.eus\/wp-content\/uploads\/2024\/08\/azaleko-collagea-02-882x1024.png\" class=\"attachment-large size-large\" alt=\"\" loading=\"lazy\" srcset=\"https:\/\/bortziriakberd.eus\/wp-content\/uploads\/2024\/08\/azaleko-collagea-02-882x1024.png 882w, https:\/\/bortziriakberd.eus\/wp-content\/uploads\/2024\/08\/azaleko-collagea-02-258x300.png 258w, https:\/\/bortziriakberd.eus\/wp-content\/uploads\/2024\/08\/azaleko-collagea-02.png 928w\" sizes=\"auto, (max-width: 882px) 100vw, 882px\" \/><\/div><\/div><div class=\"wpb_text_column us_custom_92b600f1\"><div class=\"wpb_wrapper\"><h1>05<\/h1>\n<p><span>Promover la participaci\u00f3n activa de las mujeres en la vida pol\u00edtica, social y econ\u00f3mica de los municipios de Bortziriak.<\/span><\/p>\n<\/div><\/div><\/div><\/div><\/div><\/div><div data-us-scroll=\"{&quot;from_initial_position&quot;:&quot;0&quot;,&quot;start_position&quot;:&quot;30%&quot;,&quot;end_position&quot;:&quot;50%&quot;,&quot;delay&quot;:&quot;0.1s&quot;,&quot;translate_y_direction&quot;:&quot;up&quot;,&quot;translate_y_speed&quot;:&quot;0.5x&quot;,&quot;opacity_direction&quot;:&quot;out-in&quot;}\" class=\"vc_col-sm-6 wpb_column vc_column_container has_scroll_effects has_translate_y has_opacity\"><div class=\"vc_column-inner\"><div class=\"wpb_wrapper\"><div class=\"w-hwrapper valign_middle align_justify\" style=\"--hwrapper-gap:0rem\"><div class=\"w-image us_custom_d6ac040a align_left\"><div class=\"w-image-h\"><img decoding=\"async\" width=\"1024\" height=\"906\" src=\"https:\/\/bortziriakberd.eus\/wp-content\/uploads\/2024\/08\/azaleko-collagea-03-1024x906.png\" class=\"attachment-large size-large\" alt=\"\" loading=\"lazy\" srcset=\"https:\/\/bortziriakberd.eus\/wp-content\/uploads\/2024\/08\/azaleko-collagea-03-1024x906.png 1024w, https:\/\/bortziriakberd.eus\/wp-content\/uploads\/2024\/08\/azaleko-collagea-03-300x265.png 300w, https:\/\/bortziriakberd.eus\/wp-content\/uploads\/2024\/08\/azaleko-collagea-03.png 1082w\" sizes=\"auto, (max-width: 1024px) 100vw, 1024px\" \/><\/div><\/div><div class=\"wpb_text_column us_custom_92b600f1\"><div class=\"wpb_wrapper\"><h1>06<\/h1>\n<p>Establecer canales de coordinaci\u00f3n con otros organismos, instituciones y entidades locales con \u00e1mbito de igualdad.<\/p>\n<\/div><\/div><\/div><\/div><\/div><\/div><\/div><\/div><\/section><section class=\"l-section wpb_row us_custom_d5d0b978 height_medium\"><div class=\"l-section-h i-cf\"><div class=\"g-cols vc_row via_flex valign_bottom type_default stacking_default\"><div data-us-scroll=\"{&quot;from_initial_position&quot;:&quot;0&quot;,&quot;start_position&quot;:&quot;30%&quot;,&quot;end_position&quot;:&quot;50%&quot;,&quot;delay&quot;:&quot;0.1s&quot;,&quot;translate_y_direction&quot;:&quot;up&quot;,&quot;translate_y_speed&quot;:&quot;0.5x&quot;,&quot;opacity_direction&quot;:&quot;out-in&quot;}\" class=\"vc_col-sm-6 wpb_column vc_column_container has_scroll_effects has_translate_y has_opacity\"><div class=\"vc_column-inner\"><div class=\"wpb_wrapper\"><div class=\"w-hwrapper valign_middle align_justify\" style=\"--hwrapper-gap:0rem\"><div class=\"w-image us_custom_d6ac040a align_left\"><div class=\"w-image-h\"><img decoding=\"async\" width=\"1024\" height=\"801\" src=\"https:\/\/bortziriakberd.eus\/wp-content\/uploads\/2024\/08\/azaleko-collagea-06-1024x801.png\" class=\"attachment-large size-large\" alt=\"\" loading=\"lazy\" srcset=\"https:\/\/bortziriakberd.eus\/wp-content\/uploads\/2024\/08\/azaleko-collagea-06-1024x801.png 1024w, https:\/\/bortziriakberd.eus\/wp-content\/uploads\/2024\/08\/azaleko-collagea-06-300x235.png 300w, https:\/\/bortziriakberd.eus\/wp-content\/uploads\/2024\/08\/azaleko-collagea-06.png 1255w\" sizes=\"auto, (max-width: 1024px) 100vw, 1024px\" \/><\/div><\/div><div class=\"wpb_text_column us_custom_92b600f1\"><div class=\"wpb_wrapper\"><h1>07<\/h1>\n<p><span>Fomentar la colaboraci\u00f3n y coordinaci\u00f3n con los diferentes colectivos de Bortziriak: <\/span>movimiento feminista, asociaciones, agentes sociales y culturales, etc.<\/p>\n<\/div><\/div><\/div><\/div><\/div><\/div><div data-us-scroll=\"{&quot;from_initial_position&quot;:&quot;0&quot;,&quot;start_position&quot;:&quot;30%&quot;,&quot;end_position&quot;:&quot;50%&quot;,&quot;delay&quot;:&quot;0.1s&quot;,&quot;translate_y_direction&quot;:&quot;up&quot;,&quot;translate_y_speed&quot;:&quot;0.5x&quot;,&quot;opacity_direction&quot;:&quot;out-in&quot;}\" class=\"vc_col-sm-6 wpb_column vc_column_container has_scroll_effects has_translate_y has_opacity\"><div class=\"vc_column-inner\"><div class=\"wpb_wrapper\"><div class=\"w-hwrapper valign_middle align_justify\" style=\"--hwrapper-gap:0rem\"><div class=\"w-image us_custom_d6ac040a align_left\"><div class=\"w-image-h\"><img decoding=\"async\" width=\"1024\" height=\"801\" src=\"https:\/\/bortziriakberd.eus\/wp-content\/uploads\/2024\/10\/azaleko-collagea-08-1024x801.png\" class=\"attachment-large size-large\" alt=\"\" loading=\"lazy\" srcset=\"https:\/\/bortziriakberd.eus\/wp-content\/uploads\/2024\/10\/azaleko-collagea-08-1024x801.png 1024w, https:\/\/bortziriakberd.eus\/wp-content\/uploads\/2024\/10\/azaleko-collagea-08-300x235.png 300w, https:\/\/bortziriakberd.eus\/wp-content\/uploads\/2024\/10\/azaleko-collagea-08.png 1255w\" sizes=\"auto, (max-width: 1024px) 100vw, 1024px\" \/><\/div><\/div><div class=\"wpb_text_column us_custom_92b600f1\"><div class=\"wpb_wrapper\"><h1>08<\/h1>\n<p>Informar y visibilizar el trabajo que realiza el \u00e1rea de igualdad.<\/p>\n<p><span>\u00a0<\/span><\/p>\n<\/div><\/div><\/div><\/div><\/div><\/div><\/div><\/div><\/section>\n","protected":false},"excerpt":{"rendered":"InicioP\u00e1ginasFunciones 01 Defender el principio de igualdad garantizando la normativa vigente. 02 Dar a conocer el Servicio de Igualdad, y gestionar su planificaci\u00f3n, asesoramiento y evaluaci\u00f3n.\u00a0 03 Colaborar con otras \u00e1reas municipales para transversalizar la perspectiva de g\u00e9nero en sus pol\u00edticas y programas. 04 Llevar a cabo campa\u00f1as de sensibilizaci\u00f3n y dise\u00f1o de acciones para...","protected":false},"author":3,"featured_media":0,"parent":0,"menu_order":0,"comment_status":"closed","ping_status":"closed","template":"","meta":{"_acf_changed":false,"footnotes":""},"class_list":["post-1241","page","type-page","status-publish","hentry"],"acf":[],"_links":{"self":[{"href":"https:\/\/bortziriakberd.eus\/es\/wp-json\/wp\/v2\/pages\/1241","targetHints":{"allow":["GET"]}}],"collection":[{"href":"https:\/\/bortziriakberd.eus\/es\/wp-json\/wp\/v2\/pages"}],"about":[{"href":"https:\/\/bortziriakberd.eus\/es\/wp-json\/wp\/v2\/types\/page"}],"author":[{"embeddable":true,"href":"https:\/\/bortziriakberd.eus\/es\/wp-json\/wp\/v2\/users\/3"}],"replies":[{"embeddable":true,"href":"https:\/\/bortziriakberd.eus\/es\/wp-json\/wp\/v2\/comments?post=1241"}],"version-history":[{"count":17,"href":"https:\/\/bortziriakberd.eus\/es\/wp-json\/wp\/v2\/pages\/1241\/revisions"}],"predecessor-version":[{"id":1790,"href":"https:\/\/bortziriakberd.eus\/es\/wp-json\/wp\/v2\/pages\/1241\/revisions\/1790"}],"wp:attachment":[{"href":"https:\/\/bortziriakberd.eus\/es\/wp-json\/wp\/v2\/media?parent=1241"}],"curies":[{"name":"wp","href":"https:\/\/api.w.org\/{rel}","templated":true}]}}